{"id":2,"date":"2024-03-12T13:44:56","date_gmt":"2024-03-12T13:44:56","guid":{"rendered":"https:\/\/acuinor.cl\/?page_id=2"},"modified":"2026-04-23T12:02:33","modified_gmt":"2026-04-23T16:02:33","slug":"sample-page","status":"publish","type":"page","link":"https:\/\/acuinor.cl\/es_cl\/","title":{"rendered":"Home"},"content":{"rendered":"\t\t<div data-elementor-type=\"wp-page\" data-elementor-id=\"2\" class=\"elementor elementor-2\" data-elementor-post-type=\"page\">\n\t\t\t\t<div class=\"elementor-element elementor-element-917af9f e-con-full e-flex e-con e-parent\" data-id=\"917af9f\" data-element_type=\"container\" data-settings=\"{&quot;background_background&quot;:&quot;video&quot;,&quot;background_video_link&quot;:&quot;https:\\\/\\\/acuinor.cl\\\/wp-content\\\/uploads\\\/2025\\\/01\\\/video_home.mp4&quot;,&quot;background_play_on_mobile&quot;:&quot;yes&quot;}\">\n\t\t<div class=\"elementor-background-video-container\" aria-hidden=\"true\">\n\t\t\t\t\t\t\t<video class=\"elementor-background-video-hosted\" autoplay muted playsinline loop><\/video>\n\t\t\t\t\t<\/div><div class=\"elementor-element elementor-element-5418086 e-flex e-con-boxed e-con e-child\" data-id=\"5418086\" data-element_type=\"container\">\n\t\t\t\t\t<div class=\"e-con-inner\">\n\t\t\t\t<div class=\"elementor-element elementor-element-e234f80 elementor-widget__width-initial elementor-widget elementor-widget-heading\" data-id=\"e234f80\" data-element_type=\"widget\" data-widget_type=\"heading.default\">\n\t\t\t\t<div class=\"elementor-widget-container\">\n\t\t\t\t\t<h2 class=\"elementor-heading-title elementor-size-default\">ALIMENTACI\u00d3N<br>\nSUSTENTABLE<br>\nQUE RESPETA Y PROTEGE<br>\nEL MEDIO AMBIENTE<br>\nY LOS OC\u00c9ANOS<\/h2>\t\t\t\t<\/div>\n\t\t\t\t<\/div>\n\t\t\t\t\t<\/div>\n\t\t\t\t<\/div>\n\t\t\t\t<\/div>\n\t\t<div class=\"elementor-element elementor-element-35d4e0f e-grid e-con-full e-con e-parent\" data-id=\"35d4e0f\" data-element_type=\"container\">\n\t\t<div class=\"elementor-element elementor-element-b0d0086 e-con-full e-flex e-con e-child\" data-id=\"b0d0086\" data-element_type=\"container\" data-settings=\"{&quot;background_background&quot;:&quot;classic&quot;}\">\n\t\t\t\t<\/div>\n\t\t<div class=\"elementor-element elementor-element-a2c1958 e-con-full e-flex e-con e-child\" data-id=\"a2c1958\" data-element_type=\"container\" data-settings=\"{&quot;background_background&quot;:&quot;classic&quot;}\">\n\t\t\t\t<\/div>\n\t\t\t\t<\/div>\n\t\t<div class=\"elementor-element elementor-element-943e6d5 e-flex e-con-boxed e-con e-parent\" data-id=\"943e6d5\" data-element_type=\"container\">\n\t\t\t\t\t<div class=\"e-con-inner\">\n\t\t<div class=\"elementor-element elementor-element-3b24f6d e-con-full e-flex e-con e-child\" data-id=\"3b24f6d\" data-element_type=\"container\" id=\"yellowtail\">\n\t\t\t\t<div class=\"elementor-element elementor-element-0cfe01c elementor-widget elementor-widget-image\" data-id=\"0cfe01c\" data-element_type=\"widget\" data-widget_type=\"image.default\">\n\t\t\t\t<div class=\"elementor-widget-container\">\n\t\t\t\t\t\t\t\t\t\t\t\t\t\t\t<img fetchpriority=\"high\" decoding=\"async\" width=\"491\" height=\"143\" src=\"https:\/\/acuinor.cl\/wp-content\/uploads\/2024\/03\/Grupo-62.png\" class=\"attachment-large size-large wp-image-49\" alt=\"\" srcset=\"https:\/\/acuinor.cl\/wp-content\/uploads\/2024\/03\/Grupo-62.png 491w, https:\/\/acuinor.cl\/wp-content\/uploads\/2024\/03\/Grupo-62-300x87.png 300w\" sizes=\"(max-width: 491px) 100vw, 491px\" \/>\t\t\t\t\t\t\t\t\t\t\t\t\t\t\t<\/div>\n\t\t\t\t<\/div>\n\t\t\t\t<\/div>\n\t\t<div class=\"elementor-element elementor-element-7e571e8 e-con-full e-flex e-con e-child\" data-id=\"7e571e8\" data-element_type=\"container\">\n\t\t\t\t<div class=\"elementor-element elementor-element-79df26d elementor-widget elementor-widget-text-editor\" data-id=\"79df26d\" data-element_type=\"widget\" data-widget_type=\"text-editor.default\">\n\t\t\t\t<div class=\"elementor-widget-container\">\n\t\t\t\t\t\t\t\t\t<p>Un pez de origen ancestral de las costas del desierto de Atacama en el norte de Chile.<\/p><p>Su carne veteada, de sabor fresco, refinado y delicado, ofrece una experiencia culinaria excepcional para los amantes de la alta cocina.<\/p>\t\t\t\t\t\t\t\t<\/div>\n\t\t\t\t<\/div>\n\t\t\t\t<\/div>\n\t\t\t\t\t<\/div>\n\t\t\t\t<\/div>\n\t\t<div class=\"elementor-element elementor-element-b6ce929 e-con-full e-flex e-con e-parent\" data-id=\"b6ce929\" data-element_type=\"container\">\n\t\t\t\t<div class=\"elementor-element elementor-element-8855639 elementor-widget elementor-widget-image\" data-id=\"8855639\" data-element_type=\"widget\" data-widget_type=\"image.default\">\n\t\t\t\t<div class=\"elementor-widget-container\">\n\t\t\t\t\t\t\t\t\t\t\t\t\t\t\t<img decoding=\"async\" width=\"1920\" height=\"539\" src=\"https:\/\/acuinor.cl\/wp-content\/uploads\/2024\/12\/bg_pez.jpg\" class=\"attachment-full size-full wp-image-147\" alt=\"\" srcset=\"https:\/\/acuinor.cl\/wp-content\/uploads\/2024\/12\/bg_pez.jpg 1920w, https:\/\/acuinor.cl\/wp-content\/uploads\/2024\/12\/bg_pez-300x84.jpg 300w, https:\/\/acuinor.cl\/wp-content\/uploads\/2024\/12\/bg_pez-1024x287.jpg 1024w, https:\/\/acuinor.cl\/wp-content\/uploads\/2024\/12\/bg_pez-768x216.jpg 768w, https:\/\/acuinor.cl\/wp-content\/uploads\/2024\/12\/bg_pez-1536x431.jpg 1536w\" sizes=\"(max-width: 1920px) 100vw, 1920px\" \/>\t\t\t\t\t\t\t\t\t\t\t\t\t\t\t<\/div>\n\t\t\t\t<\/div>\n\t\t\t\t<\/div>\n\t\t<div class=\"elementor-element elementor-element-d843ae0 e-flex e-con-boxed e-con e-parent\" data-id=\"d843ae0\" data-element_type=\"container\" id=\"nuestra-esencia\">\n\t\t\t\t\t<div class=\"e-con-inner\">\n\t\t<div class=\"elementor-element elementor-element-ed1d7cd e-con-full e-flex e-con e-child\" data-id=\"ed1d7cd\" data-element_type=\"container\" id=\"nuestra-esencia\">\n\t\t<div class=\"elementor-element elementor-element-5ed8cd4 e-flex e-con-boxed e-con e-child\" data-id=\"5ed8cd4\" data-element_type=\"container\">\n\t\t\t\t\t<div class=\"e-con-inner\">\n\t\t\t\t<div class=\"elementor-element elementor-element-73a5191 elementor-widget elementor-widget-heading\" data-id=\"73a5191\" data-element_type=\"widget\" data-widget_type=\"heading.default\">\n\t\t\t\t<div class=\"elementor-widget-container\">\n\t\t\t\t\t<h3 class=\"elementor-heading-title elementor-size-default\">NUESTRA ESENCIA<\/h3>\t\t\t\t<\/div>\n\t\t\t\t<\/div>\n\t\t\t\t<div class=\"elementor-element elementor-element-8479b34 elementor-widget elementor-widget-text-editor\" data-id=\"8479b34\" data-element_type=\"widget\" data-widget_type=\"text-editor.default\">\n\t\t\t\t<div class=\"elementor-widget-container\">\n\t\t\t\t\t\t\t\t\t<p>Es la producci\u00f3n de un alimento de calidad premium, cultivado bajo los m\u00e1s estrictos est\u00e1ndares de manera sustentable y responsable en cada fase de su ciclo.<\/p><p>Libre de antibi\u00f3ticos, tratamientos y qu\u00edmicos, nuestro proceso combina la pureza de las aguas del Pac\u00edfico y de la corriente de Humboldt, con tecnolog\u00eda acu\u00edcola avanzada, sostenible y circular.<\/p>\t\t\t\t\t\t\t\t<\/div>\n\t\t\t\t<\/div>\n\t\t\t\t<div class=\"elementor-element elementor-element-fafa811 elementor-widget elementor-widget-image\" data-id=\"fafa811\" data-element_type=\"widget\" data-widget_type=\"image.default\">\n\t\t\t\t<div class=\"elementor-widget-container\">\n\t\t\t\t\t\t\t\t\t\t\t\t\t\t\t<img decoding=\"async\" width=\"150\" height=\"179\" src=\"https:\/\/acuinor.cl\/wp-content\/uploads\/2024\/12\/land_based.png\" class=\"attachment-large size-large wp-image-151\" alt=\"\" \/>\t\t\t\t\t\t\t\t\t\t\t\t\t\t\t<\/div>\n\t\t\t\t<\/div>\n\t\t\t\t\t<\/div>\n\t\t\t\t<\/div>\n\t\t\t\t<\/div>\n\t\t<div class=\"elementor-element elementor-element-18f1631 e-con-full e-flex e-con e-child\" data-id=\"18f1631\" data-element_type=\"container\" data-settings=\"{&quot;background_background&quot;:&quot;classic&quot;}\">\n\t\t\t\t<\/div>\n\t\t\t\t\t<\/div>\n\t\t\t\t<\/div>\n\t\t<div class=\"elementor-element elementor-element-d302f7f e-flex e-con-boxed e-con e-parent\" data-id=\"d302f7f\" data-element_type=\"container\" data-settings=\"{&quot;background_background&quot;:&quot;classic&quot;}\">\n\t\t\t\t\t<div class=\"e-con-inner\">\n\t\t<div class=\"elementor-element elementor-element-5cb0933 e-con-full e-flex e-con e-child\" data-id=\"5cb0933\" data-element_type=\"container\" id=\"sustentabilidad\">\n\t\t<div class=\"elementor-element elementor-element-ced5604 e-con-full e-flex e-con e-child\" data-id=\"ced5604\" data-element_type=\"container\">\n\t\t\t\t<div class=\"elementor-element elementor-element-bee79ac elementor-widget elementor-widget-heading\" data-id=\"bee79ac\" data-element_type=\"widget\" data-widget_type=\"heading.default\">\n\t\t\t\t<div class=\"elementor-widget-container\">\n\t\t\t\t\t<h3 class=\"elementor-heading-title elementor-size-default\">SUSTENTABILIDAD<br>\nINNOVACI\u00d3N<span style=\"color:#03F9FF\">&amp;<\/span><br>\nTECNOLOG\u00cdA<\/h3>\t\t\t\t<\/div>\n\t\t\t\t<\/div>\n\t\t\t\t<\/div>\n\t\t<div class=\"elementor-element elementor-element-c49d7ec e-con-full e-flex e-con e-child\" data-id=\"c49d7ec\" data-element_type=\"container\">\n\t\t\t\t<div class=\"elementor-element elementor-element-7a8fa2d elementor-widget elementor-widget-text-editor\" data-id=\"7a8fa2d\" data-element_type=\"widget\" data-widget_type=\"text-editor.default\">\n\t\t\t\t<div class=\"elementor-widget-container\">\n\t\t\t\t\t\t\t\t\t<p>ATACAMA HIRAMASA se cultiva de manera sostenible en sistemas de recirculaci\u00f3n acu\u00edcola (RAS) de \u00faltima generaci\u00f3n que preservan la pureza de sus aguas marinas, minimizan el impacto ambiental y garantizan la trazabilidad en cada fase del proceso productivo.<\/p>\t\t\t\t\t\t\t\t<\/div>\n\t\t\t\t<\/div>\n\t\t\t\t<div class=\"elementor-element elementor-element-11bf5ea elementor-mobile-align-center elementor-widget elementor-widget-button\" data-id=\"11bf5ea\" data-element_type=\"widget\" data-widget_type=\"button.default\">\n\t\t\t\t<div class=\"elementor-widget-container\">\n\t\t\t\t\t\t\t\t\t<div class=\"elementor-button-wrapper\">\n\t\t\t\t\t<a class=\"elementor-button elementor-button-link elementor-size-sm\" href=\"\/sustentabilidad-innovacion-tecnologia\/\">\n\t\t\t\t\t\t<span class=\"elementor-button-content-wrapper\">\n\t\t\t\t\t\t\t\t\t<span class=\"elementor-button-text\">LEER+<\/span>\n\t\t\t\t\t<\/span>\n\t\t\t\t\t<\/a>\n\t\t\t\t<\/div>\n\t\t\t\t\t\t\t\t<\/div>\n\t\t\t\t<\/div>\n\t\t\t\t<\/div>\n\t\t\t\t<\/div>\n\t\t\t\t\t<\/div>\n\t\t\t\t<\/div>\n\t\t<div class=\"elementor-element elementor-element-51ca431 e-con-full e-flex e-con e-parent\" data-id=\"51ca431\" data-element_type=\"container\">\n\t\t\t\t<div class=\"elementor-element elementor-element-596b504 elementor-arrows-position-inside elementor-widget elementor-widget-image-carousel\" data-id=\"596b504\" data-element_type=\"widget\" data-settings=\"{&quot;navigation&quot;:&quot;arrows&quot;,&quot;autoplay_speed&quot;:3000,&quot;image_spacing_custom&quot;:{&quot;unit&quot;:&quot;px&quot;,&quot;size&quot;:5,&quot;sizes&quot;:[]},&quot;image_spacing_custom_tablet&quot;:{&quot;unit&quot;:&quot;px&quot;,&quot;size&quot;:5,&quot;sizes&quot;:[]},&quot;autoplay&quot;:&quot;yes&quot;,&quot;pause_on_hover&quot;:&quot;yes&quot;,&quot;pause_on_interaction&quot;:&quot;yes&quot;,&quot;speed&quot;:500,&quot;image_spacing_custom_mobile&quot;:{&quot;unit&quot;:&quot;px&quot;,&quot;size&quot;:&quot;&quot;,&quot;sizes&quot;:[]}}\" data-widget_type=\"image-carousel.default\">\n\t\t\t\t<div class=\"elementor-widget-container\">\n\t\t\t\t\t\t\t<div class=\"elementor-image-carousel-wrapper swiper\" role=\"region\" aria-roledescription=\"carousel\" aria-label=\"Carrusel de im\u00e1genes\" dir=\"ltr\">\n\t\t\t<div class=\"elementor-image-carousel swiper-wrapper\" aria-live=\"off\">\n\t\t\t\t\t\t\t\t<div class=\"swiper-slide\" role=\"group\" aria-roledescription=\"slide\" aria-label=\"1 de 3\"><figure class=\"swiper-slide-inner\"><img decoding=\"async\" class=\"swiper-slide-image\" src=\"https:\/\/acuinor.cl\/wp-content\/uploads\/2024\/12\/prodd.jpg\" alt=\"prodd\" \/><\/figure><\/div><div class=\"swiper-slide\" role=\"group\" aria-roledescription=\"slide\" aria-label=\"2 de 3\"><figure class=\"swiper-slide-inner\"><img decoding=\"async\" class=\"swiper-slide-image\" src=\"https:\/\/acuinor.cl\/wp-content\/uploads\/2024\/12\/prod2.jpg\" alt=\"prod2\" \/><\/figure><\/div><div class=\"swiper-slide\" role=\"group\" aria-roledescription=\"slide\" aria-label=\"3 de 3\"><figure class=\"swiper-slide-inner\"><img decoding=\"async\" class=\"swiper-slide-image\" src=\"https:\/\/acuinor.cl\/wp-content\/uploads\/2024\/12\/prod3.jpg\" alt=\"prod3\" \/><\/figure><\/div>\t\t\t<\/div>\n\t\t\t\t\t\t\t\t\t\t\t\t<div class=\"elementor-swiper-button elementor-swiper-button-prev\" role=\"button\" tabindex=\"0\">\n\t\t\t\t\t\t<svg aria-hidden=\"true\" class=\"e-font-icon-svg e-eicon-chevron-left\" viewBox=\"0 0 1000 1000\" xmlns=\"http:\/\/www.w3.org\/2000\/svg\"><path d=\"M646 125C629 125 613 133 604 142L308 442C296 454 292 471 292 487 292 504 296 521 308 533L604 854C617 867 629 875 646 875 663 875 679 871 692 858 704 846 713 829 713 812 713 796 708 779 692 767L438 487 692 225C700 217 708 204 708 187 708 171 704 154 692 142 675 129 663 125 646 125Z\"><\/path><\/svg>\t\t\t\t\t<\/div>\n\t\t\t\t\t<div class=\"elementor-swiper-button elementor-swiper-button-next\" role=\"button\" tabindex=\"0\">\n\t\t\t\t\t\t<svg aria-hidden=\"true\" class=\"e-font-icon-svg e-eicon-chevron-right\" viewBox=\"0 0 1000 1000\" xmlns=\"http:\/\/www.w3.org\/2000\/svg\"><path d=\"M696 533C708 521 713 504 713 487 713 471 708 454 696 446L400 146C388 133 375 125 354 125 338 125 325 129 313 142 300 154 292 171 292 187 292 204 296 221 308 233L563 492 304 771C292 783 288 800 288 817 288 833 296 850 308 863 321 871 338 875 354 875 371 875 388 867 400 854L696 533Z\"><\/path><\/svg>\t\t\t\t\t<\/div>\n\t\t\t\t\n\t\t\t\t\t\t\t\t\t<\/div>\n\t\t\t\t\t\t<\/div>\n\t\t\t\t<\/div>\n\t\t\t\t<\/div>\n\t\t<div class=\"elementor-element elementor-element-0f71592 e-con-full e-flex e-con e-parent\" data-id=\"0f71592\" data-element_type=\"container\" id=\"preparaciones\">\n\t\t<div class=\"elementor-element elementor-element-eef07c9 e-con-full e-flex e-con e-child\" data-id=\"eef07c9\" data-element_type=\"container\" data-settings=\"{&quot;background_background&quot;:&quot;classic&quot;}\">\n\t\t<div class=\"elementor-element elementor-element-d8ddc2d e-flex e-con-boxed e-con e-child\" data-id=\"d8ddc2d\" data-element_type=\"container\">\n\t\t\t\t\t<div class=\"e-con-inner\">\n\t\t\t\t<div class=\"elementor-element elementor-element-636d447 elementor-widget elementor-widget-heading\" data-id=\"636d447\" data-element_type=\"widget\" data-widget_type=\"heading.default\">\n\t\t\t\t<div class=\"elementor-widget-container\">\n\t\t\t\t\t<h3 class=\"elementor-heading-title elementor-size-default\">SABORES<br>\nPARA EXPLORAR<\/h3>\t\t\t\t<\/div>\n\t\t\t\t<\/div>\n\t\t\t\t<div class=\"elementor-element elementor-element-246ad72 elementor-widget elementor-widget-image\" data-id=\"246ad72\" data-element_type=\"widget\" data-widget_type=\"image.default\">\n\t\t\t\t<div class=\"elementor-widget-container\">\n\t\t\t\t\t\t\t\t\t\t\t\t\t\t\t<img loading=\"lazy\" decoding=\"async\" width=\"194\" height=\"194\" src=\"https:\/\/acuinor.cl\/wp-content\/uploads\/2024\/12\/sabores.png\" class=\"attachment-large size-large wp-image-171\" alt=\"\" srcset=\"https:\/\/acuinor.cl\/wp-content\/uploads\/2024\/12\/sabores.png 194w, https:\/\/acuinor.cl\/wp-content\/uploads\/2024\/12\/sabores-150x150.png 150w\" sizes=\"(max-width: 194px) 100vw, 194px\" \/>\t\t\t\t\t\t\t\t\t\t\t\t\t\t\t<\/div>\n\t\t\t\t<\/div>\n\t\t\t\t<div class=\"elementor-element elementor-element-ee603fb elementor-mobile-align-center elementor-widget elementor-widget-button\" data-id=\"ee603fb\" data-element_type=\"widget\" data-widget_type=\"button.default\">\n\t\t\t\t<div class=\"elementor-widget-container\">\n\t\t\t\t\t\t\t\t\t<div class=\"elementor-button-wrapper\">\n\t\t\t\t\t<a class=\"elementor-button elementor-button-link elementor-size-sm\" href=\"https:\/\/acuinor.cl\/recetas-usos\/\">\n\t\t\t\t\t\t<span class=\"elementor-button-content-wrapper\">\n\t\t\t\t\t\t\t\t\t<span class=\"elementor-button-text\">VER RECETAS+<\/span>\n\t\t\t\t\t<\/span>\n\t\t\t\t\t<\/a>\n\t\t\t\t<\/div>\n\t\t\t\t\t\t\t\t<\/div>\n\t\t\t\t<\/div>\n\t\t\t\t\t<\/div>\n\t\t\t\t<\/div>\n\t\t\t\t<\/div>\n\t\t<div class=\"elementor-element elementor-element-2b62d51 e-con-full e-flex e-con e-child\" data-id=\"2b62d51\" data-element_type=\"container\">\n\t\t\t\t<div class=\"elementor-element elementor-element-b1796b5 elementor-position-left elementor-vertical-align-middle dad elementor-widget elementor-widget-image-box\" data-id=\"b1796b5\" data-element_type=\"widget\" data-widget_type=\"image-box.default\">\n\t\t\t\t<div class=\"elementor-widget-container\">\n\t\t\t\t\t<div class=\"elementor-image-box-wrapper\"><figure class=\"elementor-image-box-img\"><img loading=\"lazy\" decoding=\"async\" width=\"22\" height=\"44\" src=\"https:\/\/acuinor.cl\/wp-content\/uploads\/2024\/12\/flecha.png\" class=\"attachment-full size-full wp-image-172\" alt=\"\" \/><\/figure><div class=\"elementor-image-box-content\"><h3 class=\"elementor-image-box-title\">PREPARACIONES CRUDAS<\/h3><\/div><\/div>\t\t\t\t<\/div>\n\t\t\t\t<\/div>\n\t\t\t\t<div class=\"elementor-element elementor-element-280e5eb elementor-widget elementor-widget-text-editor\" data-id=\"280e5eb\" data-element_type=\"widget\" data-widget_type=\"text-editor.default\">\n\t\t\t\t<div class=\"elementor-widget-container\">\n\t\t\t\t\t\t\t\t\t<p>Sashimi<br \/>sushi<br \/>nigiri<br \/>ceviches<br \/>tiraditos<\/p>\t\t\t\t\t\t\t\t<\/div>\n\t\t\t\t<\/div>\n\t\t\t\t<div class=\"elementor-element elementor-element-68ea843 elementor-position-left elementor-vertical-align-middle dad elementor-widget elementor-widget-image-box\" data-id=\"68ea843\" data-element_type=\"widget\" data-widget_type=\"image-box.default\">\n\t\t\t\t<div class=\"elementor-widget-container\">\n\t\t\t\t\t<div class=\"elementor-image-box-wrapper\"><figure class=\"elementor-image-box-img\"><img loading=\"lazy\" decoding=\"async\" width=\"22\" height=\"44\" src=\"https:\/\/acuinor.cl\/wp-content\/uploads\/2024\/12\/flecha.png\" class=\"attachment-full size-full wp-image-172\" alt=\"\" \/><\/figure><div class=\"elementor-image-box-content\"><h3 class=\"elementor-image-box-title\">PREPARACIONES COCIDAS<\/h3><\/div><\/div>\t\t\t\t<\/div>\n\t\t\t\t<\/div>\n\t\t\t\t<div class=\"elementor-element elementor-element-6349d2b elementor-widget elementor-widget-text-editor\" data-id=\"6349d2b\" data-element_type=\"widget\" data-widget_type=\"text-editor.default\">\n\t\t\t\t<div class=\"elementor-widget-container\">\n\t\t\t\t\t\t\t\t\t<p>GRILLADO<br \/>BARBECUE<\/p>\t\t\t\t\t\t\t\t<\/div>\n\t\t\t\t<\/div>\n\t\t\t\t<\/div>\n\t\t\t\t<\/div>\n\t\t<div class=\"elementor-element elementor-element-31c7b0b e-con-full e-flex e-con e-parent\" data-id=\"31c7b0b\" data-element_type=\"container\">\n\t\t\t\t<div class=\"elementor-element elementor-element-bb4f23a elementor-arrows-position-inside elementor-widget elementor-widget-image-carousel\" data-id=\"bb4f23a\" data-element_type=\"widget\" data-settings=\"{&quot;slides_to_show&quot;:&quot;1&quot;,&quot;navigation&quot;:&quot;arrows&quot;,&quot;slides_to_show_tablet&quot;:&quot;2&quot;,&quot;autoplay&quot;:&quot;yes&quot;,&quot;pause_on_hover&quot;:&quot;yes&quot;,&quot;pause_on_interaction&quot;:&quot;yes&quot;,&quot;autoplay_speed&quot;:5000,&quot;effect&quot;:&quot;slide&quot;,&quot;speed&quot;:500}\" data-widget_type=\"image-carousel.default\">\n\t\t\t\t<div class=\"elementor-widget-container\">\n\t\t\t\t\t\t\t<div class=\"elementor-image-carousel-wrapper swiper\" role=\"region\" aria-roledescription=\"carousel\" aria-label=\"Carrusel de im\u00e1genes\" dir=\"ltr\">\n\t\t\t<div class=\"elementor-image-carousel swiper-wrapper\" aria-live=\"off\">\n\t\t\t\t\t\t\t\t<div class=\"swiper-slide\" role=\"group\" aria-roledescription=\"slide\" aria-label=\"1 de 4\"><figure class=\"swiper-slide-inner\"><img decoding=\"async\" class=\"swiper-slide-image\" src=\"https:\/\/acuinor.cl\/wp-content\/uploads\/2024\/12\/chef1.jpg\" alt=\"chef1\" \/><\/figure><\/div><div class=\"swiper-slide\" role=\"group\" aria-roledescription=\"slide\" aria-label=\"2 de 4\"><figure class=\"swiper-slide-inner\"><img decoding=\"async\" class=\"swiper-slide-image\" src=\"https:\/\/acuinor.cl\/wp-content\/uploads\/2025\/01\/plato_acuinor.jpg\" alt=\"plato_acuinor\" \/><\/figure><\/div><div class=\"swiper-slide\" role=\"group\" aria-roledescription=\"slide\" aria-label=\"3 de 4\"><figure class=\"swiper-slide-inner\"><img decoding=\"async\" class=\"swiper-slide-image\" src=\"https:\/\/acuinor.cl\/wp-content\/uploads\/2024\/12\/chef3.jpg\" alt=\"chef3\" \/><\/figure><\/div><div class=\"swiper-slide\" role=\"group\" aria-roledescription=\"slide\" aria-label=\"4 de 4\"><figure class=\"swiper-slide-inner\"><img decoding=\"async\" class=\"swiper-slide-image\" src=\"https:\/\/acuinor.cl\/wp-content\/uploads\/2024\/12\/chef4.jpg\" alt=\"chef4\" \/><\/figure><\/div>\t\t\t<\/div>\n\t\t\t\t\t\t\t\t\t\t\t\t<div class=\"elementor-swiper-button elementor-swiper-button-prev\" role=\"button\" tabindex=\"0\">\n\t\t\t\t\t\t<svg aria-hidden=\"true\" class=\"e-font-icon-svg e-eicon-chevron-left\" viewBox=\"0 0 1000 1000\" xmlns=\"http:\/\/www.w3.org\/2000\/svg\"><path d=\"M646 125C629 125 613 133 604 142L308 442C296 454 292 471 292 487 292 504 296 521 308 533L604 854C617 867 629 875 646 875 663 875 679 871 692 858 704 846 713 829 713 812 713 796 708 779 692 767L438 487 692 225C700 217 708 204 708 187 708 171 704 154 692 142 675 129 663 125 646 125Z\"><\/path><\/svg>\t\t\t\t\t<\/div>\n\t\t\t\t\t<div class=\"elementor-swiper-button elementor-swiper-button-next\" role=\"button\" tabindex=\"0\">\n\t\t\t\t\t\t<svg aria-hidden=\"true\" class=\"e-font-icon-svg e-eicon-chevron-right\" viewBox=\"0 0 1000 1000\" xmlns=\"http:\/\/www.w3.org\/2000\/svg\"><path d=\"M696 533C708 521 713 504 713 487 713 471 708 454 696 446L400 146C388 133 375 125 354 125 338 125 325 129 313 142 300 154 292 171 292 187 292 204 296 221 308 233L563 492 304 771C292 783 288 800 288 817 288 833 296 850 308 863 321 871 338 875 354 875 371 875 388 867 400 854L696 533Z\"><\/path><\/svg>\t\t\t\t\t<\/div>\n\t\t\t\t\n\t\t\t\t\t\t\t\t\t<\/div>\n\t\t\t\t\t\t<\/div>\n\t\t\t\t<\/div>\n\t\t\t\t<\/div>\n\t\t<div class=\"elementor-element elementor-element-0fbffd8 e-con-full full_width_image e-flex e-con e-parent\" data-id=\"0fbffd8\" data-element_type=\"container\">\n\t\t<div class=\"elementor-element elementor-element-302c15f e-con-full e-flex e-con e-child\" data-id=\"302c15f\" data-element_type=\"container\" id=\"bg_acuinor\" data-settings=\"{&quot;background_background&quot;:&quot;classic&quot;}\">\n\t\t<div class=\"elementor-element elementor-element-ca81ab5 e-con-full e-flex e-con e-child\" data-id=\"ca81ab5\" data-element_type=\"container\" id=\"acuinor\">\n\t\t\t\t<div class=\"elementor-element elementor-element-2f869ec elementor-widget elementor-widget-heading\" data-id=\"2f869ec\" data-element_type=\"widget\" data-widget_type=\"heading.default\">\n\t\t\t\t<div class=\"elementor-widget-container\">\n\t\t\t\t\t<h3 class=\"elementor-heading-title elementor-size-default\">ACUINOR<\/h3>\t\t\t\t<\/div>\n\t\t\t\t<\/div>\n\t\t\t\t<div class=\"elementor-element elementor-element-8297f8c elementor-widget elementor-widget-heading\" data-id=\"8297f8c\" data-element_type=\"widget\" data-widget_type=\"heading.default\">\n\t\t\t\t<div class=\"elementor-widget-container\">\n\t\t\t\t\t<h4 class=\"elementor-heading-title elementor-size-default\">Acuicultura en el Coraz\u00f3n del Desierto de Atacama<\/h4>\t\t\t\t<\/div>\n\t\t\t\t<\/div>\n\t\t\t\t<div class=\"elementor-element elementor-element-ae05c9d elementor-widget elementor-widget-text-editor\" data-id=\"ae05c9d\" data-element_type=\"widget\" data-widget_type=\"text-editor.default\">\n\t\t\t\t<div class=\"elementor-widget-container\">\n\t\t\t\t\t\t\t\t\t<p>En Acuinor, promovemos una acuicultura de vanguardia que respeta el equilibrio del entorno marino y la pureza inigualable del desierto m\u00e1s \u00e1rido y austral del mundo. Con tecnolog\u00eda de frontera , nos especializamos en la producci\u00f3n de Hiramasa de la m\u00e1s alta calidad, siendo pioneros a nivel global en el cultivo de<br \/>esta especie.<\/p><p>La presencia de Acuinor en los mercados internacionales de alta gastronom\u00eda, refleja nuestro compromiso con la creciente demanda de alimentos de origen responsable, saludables y de calidad superior.<\/p>\t\t\t\t\t\t\t\t<\/div>\n\t\t\t\t<\/div>\n\t\t\t\t<\/div>\n\t\t\t\t<\/div>\n\t\t\t\t<\/div>\n\t\t<div class=\"elementor-element elementor-element-cc6210b e-flex e-con-boxed e-con e-parent\" data-id=\"cc6210b\" data-element_type=\"container\" id=\"contacto\">\n\t\t\t\t\t<div class=\"e-con-inner\">\n\t\t\t\t<div class=\"elementor-element elementor-element-fe2f08c elementor-widget elementor-widget-heading\" data-id=\"fe2f08c\" data-element_type=\"widget\" data-widget_type=\"heading.default\">\n\t\t\t\t<div class=\"elementor-widget-container\">\n\t\t\t\t\t<h4 class=\"elementor-heading-title elementor-size-default\">\u00bfQuieres saber m\u00e1s sobre nosotros o nuestros productos?<\/h4>\t\t\t\t<\/div>\n\t\t\t\t<\/div>\n\t\t\t\t<div class=\"elementor-element elementor-element-01ba886 elementor-align-center elementor-widget elementor-widget-button\" data-id=\"01ba886\" data-element_type=\"widget\" data-widget_type=\"button.default\">\n\t\t\t\t<div class=\"elementor-widget-container\">\n\t\t\t\t\t\t\t\t\t<div class=\"elementor-button-wrapper\">\n\t\t\t\t\t<a class=\"elementor-button elementor-button-link elementor-size-sm\" href=\"#elementor-action%3Aaction%3Dpopup%3Aopen%26settings%3DeyJpZCI6IjIxNiIsInRvZ2dsZSI6ZmFsc2V9\">\n\t\t\t\t\t\t<span class=\"elementor-button-content-wrapper\">\n\t\t\t\t\t\t\t\t\t<span class=\"elementor-button-text\">ESCR\u00cdBENOS<\/span>\n\t\t\t\t\t<\/span>\n\t\t\t\t\t<\/a>\n\t\t\t\t<\/div>\n\t\t\t\t\t\t\t\t<\/div>\n\t\t\t\t<\/div>\n\t\t\t\t\t<\/div>\n\t\t\t\t<\/div>\n\t\t\t\t<\/div>\n\t\t","protected":false},"excerpt":{"rendered":"<p>ALIMENTACI\u00d3N SUSTENTABLE QUE RESPETA Y PROTEGE EL MEDIO AMBIENTE Y LOS OC\u00c9ANOS Un pez de origen ancestral de las costas del desierto de Atacama en el norte de Chile. Su carne veteada, de sabor fresco, refinado y delicado, ofrece una experiencia culinaria excepcional para los amantes de la alta cocina. NUESTRA ESENCIA Es la producci\u00f3n [&hellip;]<\/p>\n","protected":false},"author":1,"featured_media":0,"parent":0,"menu_order":0,"comment_status":"closed","ping_status":"open","template":"elementor_theme","meta":{"footnotes":""},"class_list":["post-2","page","type-page","status-publish","hentry"],"_links":{"self":[{"href":"https:\/\/acuinor.cl\/es_cl\/wp-json\/wp\/v2\/pages\/2","targetHints":{"allow":["GET"]}}],"collection":[{"href":"https:\/\/acuinor.cl\/es_cl\/wp-json\/wp\/v2\/pages"}],"about":[{"href":"https:\/\/acuinor.cl\/es_cl\/wp-json\/wp\/v2\/types\/page"}],"author":[{"embeddable":true,"href":"https:\/\/acuinor.cl\/es_cl\/wp-json\/wp\/v2\/users\/1"}],"replies":[{"embeddable":true,"href":"https:\/\/acuinor.cl\/es_cl\/wp-json\/wp\/v2\/comments?post=2"}],"version-history":[{"count":271,"href":"https:\/\/acuinor.cl\/es_cl\/wp-json\/wp\/v2\/pages\/2\/revisions"}],"predecessor-version":[{"id":1233,"href":"https:\/\/acuinor.cl\/es_cl\/wp-json\/wp\/v2\/pages\/2\/revisions\/1233"}],"wp:attachment":[{"href":"https:\/\/acuinor.cl\/es_cl\/wp-json\/wp\/v2\/media?parent=2"}],"curies":[{"name":"wp","href":"https:\/\/api.w.org\/{rel}","templated":true}]}}