{"id":679,"date":"2025-12-18T12:12:51","date_gmt":"2025-12-18T15:12:51","guid":{"rendered":"https:\/\/acuinor.cl\/?page_id=679"},"modified":"2025-12-19T12:00:48","modified_gmt":"2025-12-19T15:00:48","slug":"certificaciones-estandares","status":"publish","type":"page","link":"https:\/\/acuinor.cl\/en\/certificaciones-estandares\/","title":{"rendered":"Certifications &amp; Standards"},"content":{"rendered":"<div data-elementor-type=\"wp-page\" data-elementor-id=\"679\" class=\"elementor elementor-679\" data-elementor-post-type=\"page\">\n\t\t\t\t<div class=\"elementor-element elementor-element-10bcab0 e-con-full e-flex e-con e-parent\" data-id=\"10bcab0\" data-element_type=\"container\" data-settings=\"{&quot;background_background&quot;:&quot;classic&quot;}\">\n\t\t\t\t<div class=\"elementor-element elementor-element-3d36ece1 elementor-widget__width-initial elementor-widget elementor-widget-heading\" data-id=\"3d36ece1\" data-element_type=\"widget\" data-widget_type=\"heading.default\">\n\t\t\t\t<div class=\"elementor-widget-container\">\n\t\t\t\t\t<h1 class=\"elementor-heading-title elementor-size-default\">At Acuinor<\/h1>\t\t\t\t<\/div>\n\t\t\t\t<\/div>\n\t\t\t\t<div class=\"elementor-element elementor-element-0d37544 elementor-widget elementor-widget-spacer\" data-id=\"0d37544\" data-element_type=\"widget\" data-widget_type=\"spacer.default\">\n\t\t\t\t<div class=\"elementor-widget-container\">\n\t\t\t\t\t\t\t<div class=\"elementor-spacer\">\n\t\t\t<div class=\"elementor-spacer-inner\"><\/div>\n\t\t<\/div>\n\t\t\t\t\t\t<\/div>\n\t\t\t\t<\/div>\n\t\t\t\t<div class=\"elementor-element elementor-element-57678b43 elementor-widget__width-initial elementor-widget-mobile__width-inherit elementor-widget elementor-widget-text-editor\" data-id=\"57678b43\" data-element_type=\"widget\" data-widget_type=\"text-editor.default\">\n\t\t\t\t<div class=\"elementor-widget-container\">\n\t\t\t\t\t\t\t\t\t<p>We are committed to sustainable, high-standard land-based aquaculture. To achieve this, we are advancing in the implementation of international standards and certifications that ensure our operations respect the environment, animal welfare, people\u2019s safety, and the quality of our products.<\/p>\t\t\t\t\t\t\t\t<\/div>\n\t\t\t\t<\/div>\n\t\t\t\t<div class=\"elementor-element elementor-element-4916eaa elementor-widget-divider--view-line elementor-widget elementor-widget-divider\" data-id=\"4916eaa\" data-element_type=\"widget\" data-widget_type=\"divider.default\">\n\t\t\t\t<div class=\"elementor-widget-container\">\n\t\t\t\t\t\t\t<div class=\"elementor-divider\">\n\t\t\t<span class=\"elementor-divider-separator\">\n\t\t\t\t\t\t<\/span>\n\t\t<\/div>\n\t\t\t\t\t\t<\/div>\n\t\t\t\t<\/div>\n\t\t\t\t<div class=\"elementor-element elementor-element-010ead4 elementor-widget elementor-widget-text-editor\" data-id=\"010ead4\" data-element_type=\"widget\" data-widget_type=\"text-editor.default\">\n\t\t\t\t<div class=\"elementor-widget-container\">\n\t\t\t\t\t\t\t\t\t<p>Currently under implementation: ASC \u2013 BAP \u2013 GLOBALG.A.P.&nbsp;<\/p>\t\t\t\t\t\t\t\t<\/div>\n\t\t\t\t<\/div>\n\t\t\t\t<\/div>\n\t\t\t\t<\/div>","protected":false},"excerpt":{"rendered":"<p>En Acuinor Estamos comprometidos con una acuicultura en tierra sustentable y de alto est\u00e1ndar. Para eso estamos avanzando en la implementaci\u00f3n de est\u00e1ndares y certificaciones internacionales que aseguren que nuestras operaciones respetan el medio ambiente, el bienestar animal, la seguridad de las personas y la calidad de nuestros productos. En implementaci\u00f3n &nbsp; &nbsp; ASC &#8211; [&hellip;]<\/p>","protected":false},"author":2,"featured_media":0,"parent":0,"menu_order":0,"comment_status":"closed","ping_status":"closed","template":"","meta":{"footnotes":""},"class_list":["post-679","page","type-page","status-publish","hentry"],"_links":{"self":[{"href":"https:\/\/acuinor.cl\/en\/wp-json\/wp\/v2\/pages\/679","targetHints":{"allow":["GET"]}}],"collection":[{"href":"https:\/\/acuinor.cl\/en\/wp-json\/wp\/v2\/pages"}],"about":[{"href":"https:\/\/acuinor.cl\/en\/wp-json\/wp\/v2\/types\/page"}],"author":[{"embeddable":true,"href":"https:\/\/acuinor.cl\/en\/wp-json\/wp\/v2\/users\/2"}],"replies":[{"embeddable":true,"href":"https:\/\/acuinor.cl\/en\/wp-json\/wp\/v2\/comments?post=679"}],"version-history":[{"count":14,"href":"https:\/\/acuinor.cl\/en\/wp-json\/wp\/v2\/pages\/679\/revisions"}],"predecessor-version":[{"id":743,"href":"https:\/\/acuinor.cl\/en\/wp-json\/wp\/v2\/pages\/679\/revisions\/743"}],"wp:attachment":[{"href":"https:\/\/acuinor.cl\/en\/wp-json\/wp\/v2\/media?parent=679"}],"curies":[{"name":"wp","href":"https:\/\/api.w.org\/{rel}","templated":true}]}}