{"id":593,"date":"2025-11-25T12:48:50","date_gmt":"2025-11-25T15:48:50","guid":{"rendered":"https:\/\/acuinor.cl\/?page_id=593"},"modified":"2026-02-13T13:28:17","modified_gmt":"2026-02-13T16:28:17","slug":"quienes-somos","status":"publish","type":"page","link":"https:\/\/acuinor.cl\/en\/quienes-somos\/","title":{"rendered":"Our Team"},"content":{"rendered":"<div data-elementor-type=\"wp-page\" data-elementor-id=\"593\" class=\"elementor elementor-593\" data-elementor-post-type=\"page\">\n\t\t\t\t<div class=\"elementor-element elementor-element-889ee9b e-flex e-con-boxed e-con e-parent\" data-id=\"889ee9b\" data-element_type=\"container\">\n\t\t\t\t\t<div class=\"e-con-inner\">\n\t\t\t\t<div class=\"elementor-element elementor-element-6ab5154 elementor-widget elementor-widget-heading\" data-id=\"6ab5154\" data-element_type=\"widget\" data-widget_type=\"heading.default\">\n\t\t\t\t<div class=\"elementor-widget-container\">\n\t\t\t\t\t<h1 class=\"elementor-heading-title elementor-size-default\">Our Team<\/h1>\t\t\t\t<\/div>\n\t\t\t\t<\/div>\n\t\t\t\t<div class=\"elementor-element elementor-element-4dd1a2e elementor-widget elementor-widget-text-editor\" data-id=\"4dd1a2e\" data-element_type=\"widget\" data-widget_type=\"text-editor.default\">\n\t\t\t\t<div class=\"elementor-widget-container\">\n\t\t\t\t\t\t\t\t\t<p>Acuinor: Innovating from Atacama for cleaner, more sustainable aquaculture.<\/p>\t\t\t\t\t\t\t\t<\/div>\n\t\t\t\t<\/div>\n\t\t\t\t\t<\/div>\n\t\t\t\t<\/div>\n\t\t<div class=\"elementor-element elementor-element-7c70db6 e-grid e-con-boxed e-con e-parent\" data-id=\"7c70db6\" data-element_type=\"container\">\n\t\t\t\t\t<div class=\"e-con-inner\">\n\t\t<div class=\"elementor-element elementor-element-1a417a6 e-flex e-con-boxed e-con e-child\" data-id=\"1a417a6\" data-element_type=\"container\" data-settings=\"{&quot;background_background&quot;:&quot;classic&quot;}\">\n\t\t\t\t\t<div class=\"e-con-inner\">\n\t\t\t\t<div class=\"elementor-element elementor-element-21b55cf elementor-widget__width-initial elementor-widget elementor-widget-image\" data-id=\"21b55cf\" data-element_type=\"widget\" data-widget_type=\"image.default\">\n\t\t\t\t<div class=\"elementor-widget-container\">\n\t\t\t\t\t\t\t\t\t\t\t\t\t\t\t<img fetchpriority=\"high\" decoding=\"async\" width=\"683\" height=\"1024\" src=\"https:\/\/acuinor.cl\/wp-content\/uploads\/2026\/02\/ChatGPT-Image-13-de-feb.-de-2026-12_49_27-683x1024.png\" class=\"attachment-large size-large wp-image-905\" alt=\"\" srcset=\"https:\/\/acuinor.cl\/wp-content\/uploads\/2026\/02\/ChatGPT-Image-13-de-feb.-de-2026-12_49_27-683x1024.png 683w, https:\/\/acuinor.cl\/wp-content\/uploads\/2026\/02\/ChatGPT-Image-13-de-feb.-de-2026-12_49_27-200x300.png 200w, https:\/\/acuinor.cl\/wp-content\/uploads\/2026\/02\/ChatGPT-Image-13-de-feb.-de-2026-12_49_27-768x1152.png 768w, https:\/\/acuinor.cl\/wp-content\/uploads\/2026\/02\/ChatGPT-Image-13-de-feb.-de-2026-12_49_27-8x12.png 8w, https:\/\/acuinor.cl\/wp-content\/uploads\/2026\/02\/ChatGPT-Image-13-de-feb.-de-2026-12_49_27.png 1024w\" sizes=\"(max-width: 683px) 100vw, 683px\" \/>\t\t\t\t\t\t\t\t\t\t\t\t\t\t\t<\/div>\n\t\t\t\t<\/div>\n\t\t\t\t<div class=\"elementor-element elementor-element-eaf5800 elementor-widget elementor-widget-heading\" data-id=\"eaf5800\" data-element_type=\"widget\" data-widget_type=\"heading.default\">\n\t\t\t\t<div class=\"elementor-widget-container\">\n\t\t\t\t\t<h4 class=\"elementor-heading-title elementor-size-default\">Juan Lac\u00e1mara A.<\/h4>\t\t\t\t<\/div>\n\t\t\t\t<\/div>\n\t\t\t\t<div class=\"elementor-element elementor-element-a3e0dd1 elementor-widget elementor-widget-text-editor\" data-id=\"a3e0dd1\" data-element_type=\"widget\" data-widget_type=\"text-editor.default\">\n\t\t\t\t<div class=\"elementor-widget-container\">\n\t\t\t\t\t\t\t\t\t<p>Chief Executive Officer<\/p>\t\t\t\t\t\t\t\t<\/div>\n\t\t\t\t<\/div>\n\t\t\t\t<div class=\"elementor-element elementor-element-300804d elementor-widget elementor-widget-text-editor\" data-id=\"300804d\" data-element_type=\"widget\" data-widget_type=\"text-editor.default\">\n\t\t\t\t<div class=\"elementor-widget-container\">\n\t\t\t\t\t\t\t\t\t<p>Business Engineer, MBA in Economics, Finance and Strategy. More than 18 years leading aquaculture projects, driving the development of land-based RAS systems with a focus on productivity and innovation.<\/p>\t\t\t\t\t\t\t\t<\/div>\n\t\t\t\t<\/div>\n\t\t\t\t\t<\/div>\n\t\t\t\t<\/div>\n\t\t<div class=\"elementor-element elementor-element-5b0015e e-flex e-con-boxed e-con e-child\" data-id=\"5b0015e\" data-element_type=\"container\" data-settings=\"{&quot;background_background&quot;:&quot;classic&quot;}\">\n\t\t\t\t\t<div class=\"e-con-inner\">\n\t\t\t\t<div class=\"elementor-element elementor-element-8a46c58 elementor-widget__width-initial elementor-widget elementor-widget-image\" data-id=\"8a46c58\" data-element_type=\"widget\" data-widget_type=\"image.default\">\n\t\t\t\t<div class=\"elementor-widget-container\">\n\t\t\t\t\t\t\t\t\t\t\t\t\t\t\t<img decoding=\"async\" width=\"682\" height=\"1024\" src=\"https:\/\/acuinor.cl\/wp-content\/uploads\/2026\/02\/foto_profesional_web_optimizada-682x1024.jpg\" class=\"attachment-large size-large wp-image-910\" alt=\"\" srcset=\"https:\/\/acuinor.cl\/wp-content\/uploads\/2026\/02\/foto_profesional_web_optimizada-682x1024.jpg 682w, https:\/\/acuinor.cl\/wp-content\/uploads\/2026\/02\/foto_profesional_web_optimizada-200x300.jpg 200w, https:\/\/acuinor.cl\/wp-content\/uploads\/2026\/02\/foto_profesional_web_optimizada-8x12.jpg 8w, https:\/\/acuinor.cl\/wp-content\/uploads\/2026\/02\/foto_profesional_web_optimizada.jpg 716w\" sizes=\"(max-width: 682px) 100vw, 682px\" \/>\t\t\t\t\t\t\t\t\t\t\t\t\t\t\t<\/div>\n\t\t\t\t<\/div>\n\t\t\t\t<div class=\"elementor-element elementor-element-c8e6b27 elementor-widget elementor-widget-heading\" data-id=\"c8e6b27\" data-element_type=\"widget\" data-widget_type=\"heading.default\">\n\t\t\t\t<div class=\"elementor-widget-container\">\n\t\t\t\t\t<h4 class=\"elementor-heading-title elementor-size-default\">Muriel Teixido G.<\/h4>\t\t\t\t<\/div>\n\t\t\t\t<\/div>\n\t\t\t\t<div class=\"elementor-element elementor-element-499d083 elementor-widget elementor-widget-text-editor\" data-id=\"499d083\" data-element_type=\"widget\" data-widget_type=\"text-editor.default\">\n\t\t\t\t<div class=\"elementor-widget-container\">\n\t\t\t\t\t\t\t\t\t<p>Commercial &amp; Projects Manager<\/p>\t\t\t\t\t\t\t\t<\/div>\n\t\t\t\t<\/div>\n\t\t\t\t<div class=\"elementor-element elementor-element-4a92716 elementor-widget elementor-widget-text-editor\" data-id=\"4a92716\" data-element_type=\"widget\" data-widget_type=\"text-editor.default\">\n\t\t\t\t<div class=\"elementor-widget-container\">\n\t\t\t\t\t\t\t\t\t<p>Aquaculture Engineer, MBA, and Diploma in International Trade. More than 17 years of experience in B2B sales and business development for premium seafood products.<\/p><p>.<\/p>\t\t\t\t\t\t\t\t<\/div>\n\t\t\t\t<\/div>\n\t\t\t\t\t<\/div>\n\t\t\t\t<\/div>\n\t\t<div class=\"elementor-element elementor-element-c702b9d e-flex e-con-boxed e-con e-child\" data-id=\"c702b9d\" data-element_type=\"container\" data-settings=\"{&quot;background_background&quot;:&quot;classic&quot;}\">\n\t\t\t\t\t<div class=\"e-con-inner\">\n\t\t\t\t<div class=\"elementor-element elementor-element-05cd806 elementor-widget__width-initial elementor-widget elementor-widget-image\" data-id=\"05cd806\" data-element_type=\"widget\" data-widget_type=\"image.default\">\n\t\t\t\t<div class=\"elementor-widget-container\">\n\t\t\t\t\t\t\t\t\t\t\t\t\t\t\t<img decoding=\"async\" width=\"683\" height=\"1024\" src=\"https:\/\/acuinor.cl\/wp-content\/uploads\/2026\/02\/ChatGPT-Image-13-de-feb.-de-2026-12_58_43.png\" class=\"attachment-large size-large wp-image-906\" alt=\"\" srcset=\"https:\/\/acuinor.cl\/wp-content\/uploads\/2026\/02\/ChatGPT-Image-13-de-feb.-de-2026-12_58_43.png 1024w, https:\/\/acuinor.cl\/wp-content\/uploads\/2026\/02\/ChatGPT-Image-13-de-feb.-de-2026-12_58_43-200x300.png 200w\" sizes=\"(max-width: 683px) 100vw, 683px\" \/>\t\t\t\t\t\t\t\t\t\t\t\t\t\t\t<\/div>\n\t\t\t\t<\/div>\n\t\t\t\t<div class=\"elementor-element elementor-element-bf0a0d6 elementor-widget elementor-widget-heading\" data-id=\"bf0a0d6\" data-element_type=\"widget\" data-widget_type=\"heading.default\">\n\t\t\t\t<div class=\"elementor-widget-container\">\n\t\t\t\t\t<h4 class=\"elementor-heading-title elementor-size-default\">Juan Enrique Gaete L.<\/h4>\t\t\t\t<\/div>\n\t\t\t\t<\/div>\n\t\t\t\t<div class=\"elementor-element elementor-element-40dc796 elementor-widget elementor-widget-text-editor\" data-id=\"40dc796\" data-element_type=\"widget\" data-widget_type=\"text-editor.default\">\n\t\t\t\t<div class=\"elementor-widget-container\">\n\t\t\t\t\t\t\t\t\t<p>Production Manager<\/p>\t\t\t\t\t\t\t\t<\/div>\n\t\t\t\t<\/div>\n\t\t\t\t<div class=\"elementor-element elementor-element-4f44d62 elementor-widget elementor-widget-text-editor\" data-id=\"4f44d62\" data-element_type=\"widget\" data-widget_type=\"text-editor.default\">\n\t\t\t\t<div class=\"elementor-widget-container\">\n\t\t\t\t\t\t\t\t\t<p>Aquaculture Engineer with more than 18 years of experience in Seriola production using recirculating aquaculture systems (RAS). Leads production with a focus on biosecurity, animal welfare, and operational efficiency.<\/p>\t\t\t\t\t\t\t\t<\/div>\n\t\t\t\t<\/div>\n\t\t\t\t\t<\/div>\n\t\t\t\t<\/div>\n\t\t<div class=\"elementor-element elementor-element-cda799c e-flex e-con-boxed e-con e-child\" data-id=\"cda799c\" data-element_type=\"container\" data-settings=\"{&quot;background_background&quot;:&quot;classic&quot;}\">\n\t\t\t\t\t<div class=\"e-con-inner\">\n\t\t\t\t<div class=\"elementor-element elementor-element-15f30ee elementor-widget__width-initial elementor-widget elementor-widget-image\" data-id=\"15f30ee\" data-element_type=\"widget\" data-widget_type=\"image.default\">\n\t\t\t\t<div class=\"elementor-widget-container\">\n\t\t\t\t\t\t\t\t\t\t\t\t\t\t\t<img loading=\"lazy\" decoding=\"async\" width=\"683\" height=\"1024\" src=\"https:\/\/acuinor.cl\/wp-content\/uploads\/2026\/02\/ChatGPT-Image-13-de-feb.-de-2026-12_59_56.png\" class=\"attachment-large size-large wp-image-907\" alt=\"\" srcset=\"https:\/\/acuinor.cl\/wp-content\/uploads\/2026\/02\/ChatGPT-Image-13-de-feb.-de-2026-12_59_56.png 1024w, https:\/\/acuinor.cl\/wp-content\/uploads\/2026\/02\/ChatGPT-Image-13-de-feb.-de-2026-12_59_56-200x300.png 200w\" sizes=\"(max-width: 683px) 100vw, 683px\" \/>\t\t\t\t\t\t\t\t\t\t\t\t\t\t\t<\/div>\n\t\t\t\t<\/div>\n\t\t\t\t<div class=\"elementor-element elementor-element-f3e6ba4 elementor-widget elementor-widget-heading\" data-id=\"f3e6ba4\" data-element_type=\"widget\" data-widget_type=\"heading.default\">\n\t\t\t\t<div class=\"elementor-widget-container\">\n\t\t\t\t\t<h4 class=\"elementor-heading-title elementor-size-default\">Mario Quintanilla A.<\/h4>\t\t\t\t<\/div>\n\t\t\t\t<\/div>\n\t\t\t\t<div class=\"elementor-element elementor-element-0b90367 elementor-widget elementor-widget-text-editor\" data-id=\"0b90367\" data-element_type=\"widget\" data-widget_type=\"text-editor.default\">\n\t\t\t\t<div class=\"elementor-widget-container\">\n\t\t\t\t\t\t\t\t\t<p>Administration, Control &amp; Management Manager<\/p>\t\t\t\t\t\t\t\t<\/div>\n\t\t\t\t<\/div>\n\t\t\t\t<div class=\"elementor-element elementor-element-dfc002e elementor-widget elementor-widget-text-editor\" data-id=\"dfc002e\" data-element_type=\"widget\" data-widget_type=\"text-editor.default\">\n\t\t\t\t<div class=\"elementor-widget-container\">\n\t\t\t\t\t\t\t\t\t<p>Aquaculture Engineer, Diploma in Management Control, with more than 15 years of experience in administration, financial control, and aquaculture project management.<\/p>\t\t\t\t\t\t\t\t<\/div>\n\t\t\t\t<\/div>\n\t\t\t\t\t<\/div>\n\t\t\t\t<\/div>\n\t\t\t\t\t<\/div>\n\t\t\t\t<\/div>\n\t\t\t\t<\/div>","protected":false},"excerpt":{"rendered":"<p>Qui\u00e9nes somos Acuinor, innovando desde Atacama hacia una acuicultura m\u00e1s limpia y sostenible Juan Lac\u00e1mara A. Chief Executive Officer Ingeniero Comercial, MBA en Econom\u00eda, Finanzas y Estrategia. M\u00e1s de 18 a\u00f1os liderando proyectos de acuicultura, impulsando el desarrollo de sistemas RAS en tierra con foco en productividad e innovaci\u00f3n. Muriel Teixido G. Gerente Comercial \/ [&hellip;]<\/p>","protected":false},"author":2,"featured_media":0,"parent":0,"menu_order":0,"comment_status":"closed","ping_status":"closed","template":"","meta":{"footnotes":""},"class_list":["post-593","page","type-page","status-publish","hentry"],"_links":{"self":[{"href":"https:\/\/acuinor.cl\/en\/wp-json\/wp\/v2\/pages\/593","targetHints":{"allow":["GET"]}}],"collection":[{"href":"https:\/\/acuinor.cl\/en\/wp-json\/wp\/v2\/pages"}],"about":[{"href":"https:\/\/acuinor.cl\/en\/wp-json\/wp\/v2\/types\/page"}],"author":[{"embeddable":true,"href":"https:\/\/acuinor.cl\/en\/wp-json\/wp\/v2\/users\/2"}],"replies":[{"embeddable":true,"href":"https:\/\/acuinor.cl\/en\/wp-json\/wp\/v2\/comments?post=593"}],"version-history":[{"count":18,"href":"https:\/\/acuinor.cl\/en\/wp-json\/wp\/v2\/pages\/593\/revisions"}],"predecessor-version":[{"id":913,"href":"https:\/\/acuinor.cl\/en\/wp-json\/wp\/v2\/pages\/593\/revisions\/913"}],"wp:attachment":[{"href":"https:\/\/acuinor.cl\/en\/wp-json\/wp\/v2\/media?parent=593"}],"curies":[{"name":"wp","href":"https:\/\/api.w.org\/{rel}","templated":true}]}}