{"id":103,"date":"2024-12-27T13:42:25","date_gmt":"2024-12-27T16:42:25","guid":{"rendered":"https:\/\/acuinor.cl\/?page_id=103"},"modified":"2026-02-11T17:52:11","modified_gmt":"2026-02-11T20:52:11","slug":"sustentabilidad-innovacion-tecnologia","status":"publish","type":"page","link":"https:\/\/acuinor.cl\/en\/sustentabilidad-innovacion-tecnologia\/","title":{"rendered":"Sustainability"},"content":{"rendered":"<div data-elementor-type=\"wp-page\" data-elementor-id=\"103\" class=\"elementor elementor-103\" data-elementor-post-type=\"page\">\n\t\t\t\t<div class=\"elementor-element elementor-element-6583229 e-con-full e-flex e-con e-parent\" data-id=\"6583229\" data-element_type=\"container\" data-settings=\"{&quot;background_background&quot;:&quot;classic&quot;}\">\n\t\t<div class=\"elementor-element elementor-element-348d4a6 e-flex e-con-boxed e-con e-child\" data-id=\"348d4a6\" data-element_type=\"container\">\n\t\t\t\t\t<div class=\"e-con-inner\">\n\t\t\t\t<div class=\"elementor-element elementor-element-e72811e elementor-widget__width-initial elementor-widget elementor-widget-heading\" data-id=\"e72811e\" data-element_type=\"widget\" id=\"caracteristicas\" data-widget_type=\"heading.default\">\n\t\t\t\t<div class=\"elementor-widget-container\">\n\t\t\t\t\t<h2 class=\"elementor-heading-title elementor-size-default translation-block\">SUSTAINABILITY INNOVATION &amp; TECHNOLOGY<\/h2>\t\t\t\t<\/div>\n\t\t\t\t<\/div>\n\t\t\t\t\t<\/div>\n\t\t\t\t<\/div>\n\t\t\t\t<\/div>\n\t\t<div class=\"elementor-element elementor-element-1eea018 e-con-full e-flex e-con e-parent\" data-id=\"1eea018\" data-element_type=\"container\">\n\t\t<div class=\"elementor-element elementor-element-c127606 e-con-full e-flex e-con e-child\" data-id=\"c127606\" data-element_type=\"container\" data-settings=\"{&quot;background_background&quot;:&quot;classic&quot;}\">\n\t\t\t\t<\/div>\n\t\t<div class=\"elementor-element elementor-element-e9f2345 e-con-full e-flex e-con e-child\" data-id=\"e9f2345\" data-element_type=\"container\" data-settings=\"{&quot;background_background&quot;:&quot;classic&quot;}\">\n\t\t\t\t<\/div>\n\t\t\t\t<\/div>\n\t\t<div class=\"elementor-element elementor-element-70c29be e-flex e-con-boxed e-con e-parent\" data-id=\"70c29be\" data-element_type=\"container\" id=\"recirculacion\" data-settings=\"{&quot;background_background&quot;:&quot;classic&quot;}\">\n\t\t\t\t\t<div class=\"e-con-inner\">\n\t\t<div class=\"elementor-element elementor-element-0774c2f e-con-full e-flex e-con e-child\" data-id=\"0774c2f\" data-element_type=\"container\">\n\t\t\t\t<div class=\"elementor-element elementor-element-c459f20 elementor-widget elementor-widget-heading\" data-id=\"c459f20\" data-element_type=\"widget\" data-widget_type=\"heading.default\">\n\t\t\t\t<div class=\"elementor-widget-container\">\n\t\t\t\t\t<h3 class=\"elementor-heading-title elementor-size-default\">RECIRCULATING AQUACULTURE TECHNOLOGY <span style=\"color:#ffffff\">(RAS)<\/span><\/h3>\t\t\t\t<\/div>\n\t\t\t\t<\/div>\n\t\t\t\t<div class=\"elementor-element elementor-element-399bc35 elementor-widget elementor-widget-text-editor\" data-id=\"399bc35\" data-element_type=\"widget\" data-widget_type=\"text-editor.default\">\n\t\t\t\t<div class=\"elementor-widget-container\">\n\t\t\t\t\t\t\t\t\t<p>Our recirculating aquaculture systems (RAS) allow water reuse from fish tanks through rigorous filtration, minimizing the need for new water. This process includes stages of solid removal, ammonia elimination, and precise oxygenation that maintains optimal conditions for fish health.<\/p><p class=\"translation-block\">RAS not only reduces water consumption but also ensures a controlled and sustainable environment for the healthy, high-quality growth of our fish.<\/p>\t\t\t\t\t\t\t\t<\/div>\n\t\t\t\t<\/div>\n\t\t\t\t<\/div>\n\t\t<div class=\"elementor-element elementor-element-90f8f61 e-con-full e-flex e-con e-child\" data-id=\"90f8f61\" data-element_type=\"container\" data-settings=\"{&quot;background_background&quot;:&quot;classic&quot;}\">\n\t\t\t\t<\/div>\n\t\t\t\t\t<\/div>\n\t\t\t\t<\/div>\n\t\t<div class=\"elementor-element elementor-element-249270f e-con-full e-flex e-con e-parent\" data-id=\"249270f\" data-element_type=\"container\">\n\t\t<div class=\"elementor-element elementor-element-897e94e e-con-full e-flex e-con e-child\" data-id=\"897e94e\" data-element_type=\"container\" data-settings=\"{&quot;background_background&quot;:&quot;classic&quot;}\">\n\t\t\t\t<\/div>\n\t\t<div class=\"elementor-element elementor-element-06f7db4 e-con-full e-flex e-con e-child\" data-id=\"06f7db4\" data-element_type=\"container\" data-settings=\"{&quot;background_background&quot;:&quot;classic&quot;}\">\n\t\t\t\t<\/div>\n\t\t\t\t<\/div>\n\t\t<div class=\"elementor-element elementor-element-6277ecb e-flex e-con-boxed e-con e-parent\" data-id=\"6277ecb\" data-element_type=\"container\" id=\"calidadagua\">\n\t\t\t\t\t<div class=\"e-con-inner\">\n\t\t<div class=\"elementor-element elementor-element-44825df e-con-full e-flex e-con e-child\" data-id=\"44825df\" data-element_type=\"container\">\n\t\t<div class=\"elementor-element elementor-element-4c9570f e-con-full e-flex e-con e-child\" data-id=\"4c9570f\" data-element_type=\"container\">\n\t\t\t\t<div class=\"elementor-element elementor-element-43cd3e5 elementor-widget elementor-widget-heading\" data-id=\"43cd3e5\" data-element_type=\"widget\" data-widget_type=\"heading.default\">\n\t\t\t\t<div class=\"elementor-widget-container\">\n\t\t\t\t\t<h2 class=\"elementor-heading-title elementor-size-default\">WATER QUALITY &amp; ANIMAL WELFARE<\/h2>\t\t\t\t<\/div>\n\t\t\t\t<\/div>\n\t\t\t\t<\/div>\n\t\t<div class=\"elementor-element elementor-element-5634c22 e-con-full e-flex e-con e-child\" data-id=\"5634c22\" data-element_type=\"container\">\n\t\t\t\t<div class=\"elementor-element elementor-element-388e49b elementor-widget__width-initial elementor-widget elementor-widget-text-editor\" data-id=\"388e49b\" data-element_type=\"widget\" data-widget_type=\"text-editor.default\">\n\t\t\t\t<div class=\"elementor-widget-container\">\n\t\t\t\t\t\t\t\t\t<p>Beneath the star-filled skies of the world\u2019s driest and most remote desert, and nourished by the purest waters of the South Pacific shaped by the Humboldt Current, we raise our fish in an ideal controlled environment where quality and animal welfare are prioritized at every stage of their development.<\/p>\t\t\t\t\t\t\t\t<\/div>\n\t\t\t\t<\/div>\n\t\t\t\t<\/div>\n\t\t\t\t<\/div>\n\t\t\t\t\t<\/div>\n\t\t\t\t<\/div>\n\t\t<div class=\"elementor-element elementor-element-e747724 e-grid e-con-full e-con e-parent\" data-id=\"e747724\" data-element_type=\"container\">\n\t\t<div class=\"elementor-element elementor-element-a3a0054 e-con-full e-flex e-con e-child\" data-id=\"a3a0054\" data-element_type=\"container\" data-settings=\"{&quot;background_background&quot;:&quot;classic&quot;}\">\n\t\t\t\t<\/div>\n\t\t<div class=\"elementor-element elementor-element-cf272c1 e-con-full e-flex e-con e-child\" data-id=\"cf272c1\" data-element_type=\"container\" data-settings=\"{&quot;background_background&quot;:&quot;classic&quot;}\">\n\t\t\t\t<\/div>\n\t\t\t\t<\/div>\n\t\t<div class=\"elementor-element elementor-element-aebbae9 e-flex e-con-boxed e-con e-parent\" data-id=\"aebbae9\" data-element_type=\"container\">\n\t\t\t\t\t<div class=\"e-con-inner\">\n\t\t<div class=\"elementor-element elementor-element-fdc470e e-con-full e-flex e-con e-child\" data-id=\"fdc470e\" data-element_type=\"container\">\n\t\t<div class=\"elementor-element elementor-element-68de169 e-con-full e-flex e-con e-child\" data-id=\"68de169\" data-element_type=\"container\">\n\t\t\t\t<div class=\"elementor-element elementor-element-2bdd81d elementor-widget elementor-widget-image\" data-id=\"2bdd81d\" data-element_type=\"widget\" data-widget_type=\"image.default\">\n\t\t\t\t<div class=\"elementor-widget-container\">\n\t\t\t\t\t\t\t\t\t\t\t\t\t\t\t<img fetchpriority=\"high\" decoding=\"async\" width=\"491\" height=\"143\" src=\"https:\/\/acuinor.cl\/wp-content\/uploads\/2024\/03\/Grupo-62.png\" class=\"attachment-large size-large wp-image-49\" alt=\"\" srcset=\"https:\/\/acuinor.cl\/wp-content\/uploads\/2024\/03\/Grupo-62.png 491w, https:\/\/acuinor.cl\/wp-content\/uploads\/2024\/03\/Grupo-62-300x87.png 300w\" sizes=\"(max-width: 491px) 100vw, 491px\" \/>\t\t\t\t\t\t\t\t\t\t\t\t\t\t\t<\/div>\n\t\t\t\t<\/div>\n\t\t\t\t<\/div>\n\t\t<div class=\"elementor-element elementor-element-0dd9b53 e-con-full e-flex e-con e-child\" data-id=\"0dd9b53\" data-element_type=\"container\">\n\t\t\t\t<div class=\"elementor-element elementor-element-0f23f57 elementor-widget elementor-widget-text-editor\" data-id=\"0f23f57\" data-element_type=\"widget\" data-widget_type=\"text-editor.default\">\n\t\t\t\t<div class=\"elementor-widget-container\">\n\t\t\t\t\t\t\t\t\t<p>ATACAMA HIRAMASA is sustainably raised in state-of-the-art recirculating aquaculture systems (RAS) that preserve the pureness of its marine waters, minimize environmental impact, and ensure traceability at every stage of the production process. Thanks to the distinctive nature of its coasts, open to the Pacific and fed by the pristine waters of the Humboldt Current, we offer a natural and ancient product that combines innovation, essence, and respect for the marine environment.<\/p><p>Raised with dedication, the result is a fish that embodies sophistication, elegance, and delicacy, ideal for those who value consuming a healthy, nutritious, and top- quality premium product.<\/p>\t\t\t\t\t\t\t\t<\/div>\n\t\t\t\t<\/div>\n\t\t\t\t<\/div>\n\t\t\t\t<\/div>\n\t\t\t\t\t<\/div>\n\t\t\t\t<\/div>\n\t\t<div class=\"elementor-element elementor-element-17509b7 e-con-full e-flex e-con e-parent\" data-id=\"17509b7\" data-element_type=\"container\">\n\t\t<div class=\"elementor-element elementor-element-845d23a e-con-full e-flex e-con e-child\" data-id=\"845d23a\" data-element_type=\"container\" data-settings=\"{&quot;background_background&quot;:&quot;classic&quot;}\">\n\t\t\t\t<\/div>\n\t\t<div class=\"elementor-element elementor-element-a93b69a e-con-full e-flex e-con e-child\" data-id=\"a93b69a\" data-element_type=\"container\" data-settings=\"{&quot;background_background&quot;:&quot;classic&quot;}\">\n\t\t\t\t<\/div>\n\t\t\t\t<\/div>\n\t\t<div class=\"elementor-element elementor-element-05c9c8a e-flex e-con-boxed e-con e-parent\" data-id=\"05c9c8a\" data-element_type=\"container\" id=\"i+d\" data-settings=\"{&quot;background_background&quot;:&quot;classic&quot;}\">\n\t\t\t\t\t<div class=\"e-con-inner\">\n\t\t\t\t<div class=\"elementor-element elementor-element-7628851 elementor-widget elementor-widget-heading\" data-id=\"7628851\" data-element_type=\"widget\" data-widget_type=\"heading.default\">\n\t\t\t\t<div class=\"elementor-widget-container\">\n\t\t\t\t\t<h3 class=\"elementor-heading-title elementor-size-default translation-block\">R&amp;D, INNOVATION &amp; DEVELOPMENT<\/h3>\t\t\t\t<\/div>\n\t\t\t\t<\/div>\n\t\t<div class=\"elementor-element elementor-element-5378d50 e-flex e-con-boxed e-con e-child\" data-id=\"5378d50\" data-element_type=\"container\">\n\t\t\t\t\t<div class=\"e-con-inner\">\n\t\t\t\t<div class=\"elementor-element elementor-element-1ca403a elementor-widget__width-initial elementor-widget-mobile__width-inherit elementor-widget elementor-widget-text-editor\" data-id=\"1ca403a\" data-element_type=\"widget\" data-widget_type=\"text-editor.default\">\n\t\t\t\t<div class=\"elementor-widget-container\">\n\t\t\t\t\t\t\t\t\t<ul><li>Use of live, natural feed with species-optimized enrichments.<\/li><li>Nutrition based on natural ingredients, genetic modified organisms free.<\/li><li>Ongoing R&amp;D programs to optimize every stage of the production cycle.<\/li><li>Development of high-productivity feed tailored to the species' needs.<\/li><li>Commitment to sustainability, reducing dependence on marine ingredients in feeds.<\/li><\/ul>\t\t\t\t\t\t\t\t<\/div>\n\t\t\t\t<\/div>\n\t\t\t\t<div class=\"elementor-element elementor-element-464ffc5 elementor-widget__width-initial elementor-widget-mobile__width-inherit elementor-widget elementor-widget-text-editor\" data-id=\"464ffc5\" data-element_type=\"widget\" data-widget_type=\"text-editor.default\">\n\t\t\t\t<div class=\"elementor-widget-container\">\n\t\t\t\t\t\t\t\t\t<ul><li>Implementation of circular economy systems to minimize waste and maximize resource use.<\/li><li>\u2022\tUse of renewable energy through the entire operation achieving zero carbon footprint (0 CO\u2082e).<\/li><li>Focus on the team training and development as an essential pillar of our work, ensuring continuous training in species-specific, sustainable, and safe production practices.<\/li><\/ul>\t\t\t\t\t\t\t\t<\/div>\n\t\t\t\t<\/div>\n\t\t\t\t\t<\/div>\n\t\t\t\t<\/div>\n\t\t\t\t<div class=\"elementor-element elementor-element-5692fb3 gallery-spacing-custom elementor-widget elementor-widget-image-gallery\" data-id=\"5692fb3\" data-element_type=\"widget\" data-widget_type=\"image-gallery.default\">\n\t\t\t\t<div class=\"elementor-widget-container\">\n\t\t\t\t\t\t\t<div class=\"elementor-image-gallery\">\n\t\t\t<div id='gallery-1' class='gallery galleryid-103 gallery-columns-2 gallery-size-full'><figure class='gallery-item'>\n\t\t\t<div class='gallery-icon landscape'>\n\t\t\t\t<a data-elementor-open-lightbox=\"yes\" data-elementor-lightbox-slideshow=\"5692fb3\" data-elementor-lightbox-title=\"id_1\" data-e-action-hash=\"#elementor-action%3Aaction%3Dlightbox%26settings%3DeyJpZCI6MTI3LCJ1cmwiOiJodHRwczpcL1wvYWN1aW5vci5jbFwvd3AtY29udGVudFwvdXBsb2Fkc1wvMjAyNFwvMTJcL2lkXzEuanBnIiwic2xpZGVzaG93IjoiNTY5MmZiMyJ9\" href='https:\/\/acuinor.cl\/wp-content\/uploads\/2024\/12\/id_1.jpg'><img decoding=\"async\" width=\"584\" height=\"382\" src=\"https:\/\/acuinor.cl\/wp-content\/uploads\/2024\/12\/id_1.jpg\" class=\"attachment-full size-full\" alt=\"\" srcset=\"https:\/\/acuinor.cl\/wp-content\/uploads\/2024\/12\/id_1.jpg 584w, https:\/\/acuinor.cl\/wp-content\/uploads\/2024\/12\/id_1-300x196.jpg 300w\" sizes=\"(max-width: 584px) 100vw, 584px\" \/><\/a>\n\t\t\t<\/div><\/figure><figure class='gallery-item'>\n\t\t\t<div class='gallery-icon landscape'>\n\t\t\t\t<a data-elementor-open-lightbox=\"yes\" data-elementor-lightbox-slideshow=\"5692fb3\" data-elementor-lightbox-title=\"id_2\" data-e-action-hash=\"#elementor-action%3Aaction%3Dlightbox%26settings%3DeyJpZCI6MTI4LCJ1cmwiOiJodHRwczpcL1wvYWN1aW5vci5jbFwvd3AtY29udGVudFwvdXBsb2Fkc1wvMjAyNFwvMTJcL2lkXzIuanBnIiwic2xpZGVzaG93IjoiNTY5MmZiMyJ9\" href='https:\/\/acuinor.cl\/wp-content\/uploads\/2024\/12\/id_2.jpg'><img decoding=\"async\" width=\"584\" height=\"382\" src=\"https:\/\/acuinor.cl\/wp-content\/uploads\/2024\/12\/id_2.jpg\" class=\"attachment-full size-full\" alt=\"\" srcset=\"https:\/\/acuinor.cl\/wp-content\/uploads\/2024\/12\/id_2.jpg 584w, https:\/\/acuinor.cl\/wp-content\/uploads\/2024\/12\/id_2-300x196.jpg 300w\" sizes=\"(max-width: 584px) 100vw, 584px\" \/><\/a>\n\t\t\t<\/div><\/figure>\n\t\t<\/div>\n\t\t<\/div>\n\t\t\t\t\t\t<\/div>\n\t\t\t\t<\/div>\n\t\t\t\t\t<\/div>\n\t\t\t\t<\/div>\n\t\t<div class=\"elementor-element elementor-element-342b91a e-flex e-con-boxed e-con e-parent\" data-id=\"342b91a\" data-element_type=\"container\" id=\"compromiso\">\n\t\t\t\t\t<div class=\"e-con-inner\">\n\t\t\t\t<div class=\"elementor-element elementor-element-3741cd5 elementor-widget elementor-widget-heading\" data-id=\"3741cd5\" data-element_type=\"widget\" data-widget_type=\"heading.default\">\n\t\t\t\t<div class=\"elementor-widget-container\">\n\t\t\t\t\t<h3 class=\"elementor-heading-title elementor-size-default\">ENVIRONMENTAL COMMITMENT<\/h3>\t\t\t\t<\/div>\n\t\t\t\t<\/div>\n\t\t\t\t\t<\/div>\n\t\t\t\t<\/div>\n\t\t<div class=\"elementor-element elementor-element-147fb1d e-flex e-con-boxed e-con e-parent\" data-id=\"147fb1d\" data-element_type=\"container\">\n\t\t\t\t\t<div class=\"e-con-inner\">\n\t\t<div class=\"elementor-element elementor-element-be4ce47 e-con-full e-flex e-con e-child\" data-id=\"be4ce47\" data-element_type=\"container\" id=\"trazabilidad\">\n\t\t\t\t<div class=\"elementor-element elementor-element-b1abfd2 elementor-position-left elementor-position-left elementor-vertical-align-middle elementor-widget elementor-widget-image-box\" data-id=\"b1abfd2\" data-element_type=\"widget\" data-widget_type=\"image-box.default\">\n\t\t\t\t<div class=\"elementor-widget-container\">\n\t\t\t\t\t<div class=\"elementor-image-box-wrapper\"><figure class=\"elementor-image-box-img\"><img loading=\"lazy\" decoding=\"async\" width=\"90\" height=\"87\" src=\"https:\/\/acuinor.cl\/wp-content\/uploads\/2024\/12\/ico_sostenibilidad.png\" class=\"attachment-full size-full wp-image-119\" alt=\"\" \/><\/figure><div class=\"elementor-image-box-content\"><h3 class=\"elementor-image-box-title\">Sustainability \/ Process Control \/ Traceability<\/h3><\/div><\/div>\t\t\t\t<\/div>\n\t\t\t\t<\/div>\n\t\t\t\t<div class=\"elementor-element elementor-element-e8ee508 elementor-widget elementor-widget-text-editor\" data-id=\"e8ee508\" data-element_type=\"widget\" data-widget_type=\"text-editor.default\">\n\t\t\t\t<div class=\"elementor-widget-container\">\n\t\t\t\t\t\t\t\t\t<ul><li>Year-round spontaneous \/ natural spawning<\/li><li>Full production cycle with Recirculation Aquatic System (RAS)<\/li><li>Sustainable, ecological and environment-friendly aquaculture.<\/li><li>No antibiotics, drugs or hormones of any kind are used.<\/li><li>Traceability from broodstock and eggs until the final product.<\/li><\/ul>\t\t\t\t\t\t\t\t<\/div>\n\t\t\t\t<\/div>\n\t\t\t\t<\/div>\n\t\t<div class=\"elementor-element elementor-element-b930c0e e-con-full e-flex e-con e-child\" data-id=\"b930c0e\" data-element_type=\"container\" id=\"calidad-de-agua\">\n\t\t\t\t<div class=\"elementor-element elementor-element-9e21b8a elementor-position-left elementor-position-left elementor-vertical-align-middle elementor-widget elementor-widget-image-box\" data-id=\"9e21b8a\" data-element_type=\"widget\" data-widget_type=\"image-box.default\">\n\t\t\t\t<div class=\"elementor-widget-container\">\n\t\t\t\t\t<div class=\"elementor-image-box-wrapper\"><figure class=\"elementor-image-box-img\"><img loading=\"lazy\" decoding=\"async\" width=\"95\" height=\"96\" src=\"https:\/\/acuinor.cl\/wp-content\/uploads\/2024\/12\/ico_calidad.png\" class=\"attachment-full size-full wp-image-121\" alt=\"\" \/><\/figure><div class=\"elementor-image-box-content\"><h3 class=\"elementor-image-box-title\">Water Quality<\/h3><\/div><\/div>\t\t\t\t<\/div>\n\t\t\t\t<\/div>\n\t\t\t\t<div class=\"elementor-element elementor-element-feec4b7 elementor-widget elementor-widget-text-editor\" data-id=\"feec4b7\" data-element_type=\"widget\" data-widget_type=\"text-editor.default\">\n\t\t\t\t<div class=\"elementor-widget-container\">\n\t\t\t\t\t\t\t\t\t<ul><li>Pure and Crystalline Antarctic waters from the Humboldt Current.<\/li><li>High exchange water renewal for the best fish farming conditions.<\/li><li>RAS process with state-of-the-art water treatment technologies.<\/li><li>Parasite and desease-free farming system.<\/li><\/ul>\t\t\t\t\t\t\t\t<\/div>\n\t\t\t\t<\/div>\n\t\t\t\t<\/div>\n\t\t<div class=\"elementor-element elementor-element-4e80f20 e-con-full e-flex e-con e-child\" data-id=\"4e80f20\" data-element_type=\"container\" id=\"alimentacion-y-nutricion\">\n\t\t\t\t<div class=\"elementor-element elementor-element-d7ffd35 elementor-position-left elementor-position-left elementor-vertical-align-middle elementor-widget elementor-widget-image-box\" data-id=\"d7ffd35\" data-element_type=\"widget\" data-widget_type=\"image-box.default\">\n\t\t\t\t<div class=\"elementor-widget-container\">\n\t\t\t\t\t<div class=\"elementor-image-box-wrapper\"><figure class=\"elementor-image-box-img\"><img loading=\"lazy\" decoding=\"async\" width=\"89\" height=\"101\" src=\"https:\/\/acuinor.cl\/wp-content\/uploads\/2024\/12\/ico_alimentacion.png\" class=\"attachment-full size-full wp-image-120\" alt=\"\" \/><\/figure><div class=\"elementor-image-box-content\"><h3 class=\"elementor-image-box-title\">Feeding &amp; Nutrition<\/h3><\/div><\/div>\t\t\t\t<\/div>\n\t\t\t\t<\/div>\n\t\t\t\t<div class=\"elementor-element elementor-element-7520fef elementor-widget elementor-widget-text-editor\" data-id=\"7520fef\" data-element_type=\"widget\" data-widget_type=\"text-editor.default\">\n\t\t\t\t<div class=\"elementor-widget-container\">\n\t\t\t\t\t\t\t\t\t<ul><li>Live natural feed for the marine larvae stage.<\/li><li>Fish nutrition with no genetically modified feeds.<\/li><li>Continuing improvements in nutrition with R&amp;D activities.<\/li><li>Development of species-specific high productivity diets.<\/li><li>Commitment to developing a more sustainable and efficient nutrition.<\/li><\/ul>\t\t\t\t\t\t\t\t<\/div>\n\t\t\t\t<\/div>\n\t\t\t\t<\/div>\n\t\t<div class=\"elementor-element elementor-element-079b58f e-con-full e-flex e-con e-child\" data-id=\"079b58f\" data-element_type=\"container\" id=\"calidad-del-producto\">\n\t\t\t\t<div class=\"elementor-element elementor-element-2c2b11f elementor-position-left elementor-position-left elementor-vertical-align-middle elementor-widget elementor-widget-image-box\" data-id=\"2c2b11f\" data-element_type=\"widget\" data-widget_type=\"image-box.default\">\n\t\t\t\t<div class=\"elementor-widget-container\">\n\t\t\t\t\t<div class=\"elementor-image-box-wrapper\"><figure class=\"elementor-image-box-img\"><img loading=\"lazy\" decoding=\"async\" width=\"101\" height=\"118\" src=\"https:\/\/acuinor.cl\/wp-content\/uploads\/2024\/12\/ico_producto.png\" class=\"attachment-full size-full wp-image-122\" alt=\"\" \/><\/figure><div class=\"elementor-image-box-content\"><h3 class=\"elementor-image-box-title\">Product Quality<\/h3><\/div><\/div>\t\t\t\t<\/div>\n\t\t\t\t<\/div>\n\t\t\t\t<div class=\"elementor-element elementor-element-5aa76fb elementor-widget elementor-widget-text-editor\" data-id=\"5aa76fb\" data-element_type=\"widget\" data-widget_type=\"text-editor.default\">\n\t\t\t\t<div class=\"elementor-widget-container\">\n\t\t\t\t\t\t\t\t\t<ul><li>Top quality product.<\/li><li>Best sahimi grade.<\/li><li>Healthy fatty fish rich in omega-3.<\/li><li>Ike-Jime harvesting techniques.<\/li><li>Best Choice qualification \"Green List\".<\/li><\/ul>\t\t\t\t\t\t\t\t<\/div>\n\t\t\t\t<\/div>\n\t\t\t\t<\/div>\n\t\t\t\t\t<\/div>\n\t\t\t\t<\/div>\n\t\t<div class=\"elementor-element elementor-element-e741a37 e-flex e-con-boxed e-con e-parent\" data-id=\"e741a37\" data-element_type=\"container\" data-settings=\"{&quot;background_background&quot;:&quot;classic&quot;}\">\n\t\t\t\t\t<div class=\"e-con-inner\">\n\t\t\t\t<div class=\"elementor-element elementor-element-7809aa0 elementor-widget elementor-widget-image\" data-id=\"7809aa0\" data-element_type=\"widget\" data-widget_type=\"image.default\">\n\t\t\t\t<div class=\"elementor-widget-container\">\n\t\t\t\t\t\t\t\t\t\t\t\t\t\t\t<img loading=\"lazy\" decoding=\"async\" width=\"100\" height=\"120\" src=\"https:\/\/acuinor.cl\/wp-content\/uploads\/2024\/12\/logo_Agricultura.png\" class=\"attachment-large size-large wp-image-117\" alt=\"\" \/>\t\t\t\t\t\t\t\t\t\t\t\t\t\t\t<\/div>\n\t\t\t\t<\/div>\n\t\t\t\t<div class=\"elementor-element elementor-element-025068e elementor-widget elementor-widget-heading\" data-id=\"025068e\" data-element_type=\"widget\" data-widget_type=\"heading.default\">\n\t\t\t\t<div class=\"elementor-widget-container\">\n\t\t\t\t\t<h3 class=\"elementor-heading-title elementor-size-default translation-block\">100% LAND-BASED FARMING<\/h3>\t\t\t\t<\/div>\n\t\t\t\t<\/div>\n\t\t\t\t\t<\/div>\n\t\t\t\t<\/div>\n\t\t<div class=\"elementor-element elementor-element-d776364 e-con-full e-flex e-con e-parent\" data-id=\"d776364\" data-element_type=\"container\" id=\"bienestar-animal\" data-settings=\"{&quot;background_background&quot;:&quot;classic&quot;}\">\n\t\t\t\t<div class=\"elementor-element elementor-element-9d80345 elementor-widget elementor-widget-heading\" data-id=\"9d80345\" data-element_type=\"widget\" data-widget_type=\"heading.default\">\n\t\t\t\t<div class=\"elementor-widget-container\">\n\t\t\t\t\t<h4 class=\"elementor-heading-title elementor-size-default\">Under the starry skies of the world\u2019s driest and most remote desert\n<\/p>and the purest waters of the southern Pacific\n<\/h4>\t\t\t\t<\/div>\n\t\t\t\t<\/div>\n\t\t\t\t<div class=\"elementor-element elementor-element-49f5051 elementor-widget__width-inherit elementor-widget elementor-widget-text-editor\" data-id=\"49f5051\" data-element_type=\"widget\" data-widget_type=\"text-editor.default\">\n\t\t\t\t<div class=\"elementor-widget-container\">\n\t\t\t\t\t\t\t\t\t<p>\u00a0<\/p><p style=\"color: #4fd1c5; font-size: 40px; font-weight: 600; letter-spacing: 2px; margin-top: 20px;\">ATACAMA HIRAMASA<\/p>\t\t\t\t\t\t\t\t<\/div>\n\t\t\t\t<\/div>\n\t\t\t\t<\/div>\n\t\t<div class=\"elementor-element elementor-element-776a2b4 e-flex e-con-boxed e-con e-parent\" data-id=\"776a2b4\" data-element_type=\"container\">\n\t\t\t\t\t<div class=\"e-con-inner\">\n\t\t\t\t<div class=\"elementor-element elementor-element-2c7533a elementor-widget elementor-widget-heading\" data-id=\"2c7533a\" data-element_type=\"widget\" data-widget_type=\"heading.default\">\n\t\t\t\t<div class=\"elementor-widget-container\">\n\t\t\t\t\t<h4 class=\"elementor-heading-title elementor-size-default\">Would you like to know more about us or our products?<\/h4>\t\t\t\t<\/div>\n\t\t\t\t<\/div>\n\t\t\t\t<div class=\"elementor-element elementor-element-1b1c870 elementor-align-center elementor-widget elementor-widget-button\" data-id=\"1b1c870\" data-element_type=\"widget\" data-widget_type=\"button.default\">\n\t\t\t\t<div class=\"elementor-widget-container\">\n\t\t\t\t\t\t\t\t\t<div class=\"elementor-button-wrapper\">\n\t\t\t\t\t<a class=\"elementor-button elementor-button-link elementor-size-sm\" href=\"#elementor-action%3Aaction%3Dpopup%3Aopen%26settings%3DeyJpZCI6IjIxNiIsInRvZ2dsZSI6ZmFsc2V9\">\n\t\t\t\t\t\t<span class=\"elementor-button-content-wrapper\">\n\t\t\t\t\t\t\t\t\t<span class=\"elementor-button-text\">CONTACT US<\/span>\n\t\t\t\t\t<\/span>\n\t\t\t\t\t<\/a>\n\t\t\t\t<\/div>\n\t\t\t\t\t\t\t\t<\/div>\n\t\t\t\t<\/div>\n\t\t\t\t\t<\/div>\n\t\t\t\t<\/div>\n\t\t\t\t<\/div>","protected":false},"excerpt":{"rendered":"<p>SUSTENTABILIDAD INNOVACI\u00d3N &amp; TECNOLOG\u00cdA TECNOLOG\u00cdA ACU\u00cdCOLA DE RECIRCULACI\u00d3N (RAS) Nuestros sistemas de recirculaci\u00f3n acu\u00edcola (RAS) permiten reutilizar el agua de los estanques de peces mediante un filtrado riguroso, minimizando la necesidad de agua nueva. Este proceso incluye etapas de eliminaci\u00f3n de s\u00f3lidos, amon\u00edaco y CO\u2082, adem\u00e1s de una oxigenaci\u00f3n precisa que mantiene condiciones \u00f3ptimas para [&hellip;]<\/p>","protected":false},"author":1,"featured_media":0,"parent":0,"menu_order":0,"comment_status":"closed","ping_status":"closed","template":"","meta":{"footnotes":""},"class_list":["post-103","page","type-page","status-publish","hentry"],"_links":{"self":[{"href":"https:\/\/acuinor.cl\/en\/wp-json\/wp\/v2\/pages\/103","targetHints":{"allow":["GET"]}}],"collection":[{"href":"https:\/\/acuinor.cl\/en\/wp-json\/wp\/v2\/pages"}],"about":[{"href":"https:\/\/acuinor.cl\/en\/wp-json\/wp\/v2\/types\/page"}],"author":[{"embeddable":true,"href":"https:\/\/acuinor.cl\/en\/wp-json\/wp\/v2\/users\/1"}],"replies":[{"embeddable":true,"href":"https:\/\/acuinor.cl\/en\/wp-json\/wp\/v2\/comments?post=103"}],"version-history":[{"count":99,"href":"https:\/\/acuinor.cl\/en\/wp-json\/wp\/v2\/pages\/103\/revisions"}],"predecessor-version":[{"id":898,"href":"https:\/\/acuinor.cl\/en\/wp-json\/wp\/v2\/pages\/103\/revisions\/898"}],"wp:attachment":[{"href":"https:\/\/acuinor.cl\/en\/wp-json\/wp\/v2\/media?parent=103"}],"curies":[{"name":"wp","href":"https:\/\/api.w.org\/{rel}","templated":true}]}}